{"id":70,"date":"2024-06-20T08:28:09","date_gmt":"2024-06-20T08:28:09","guid":{"rendered":"http:\/\/cointer.com\/?page_id=70"},"modified":"2024-07-25T10:16:06","modified_gmt":"2024-07-25T10:16:06","slug":"nuestros-clientes","status":"publish","type":"page","link":"https:\/\/cointer.com\/index.php\/nuestros-clientes\/","title":{"rendered":"Nuestros clientes"},"content":{"rendered":"\n<div class=\"wp-block-cover alignfull is-light\" style=\"min-height:100vh;aspect-ratio:unset;\"><span aria-hidden=\"true\" class=\"wp-block-cover__background has-background-dim\" style=\"background-color:#9b9b99\"><\/span><img fetchpriority=\"high\" decoding=\"async\" width=\"1280\" height=\"720\" class=\"wp-block-cover__image-background wp-image-349\" alt=\"\" src=\"http:\/\/cointer.com\/wp-content\/uploads\/2024\/07\/family-8806379_1280.jpg\" data-object-fit=\"cover\" srcset=\"https:\/\/cointer.com\/wp-content\/uploads\/2024\/07\/family-8806379_1280.jpg 1280w, https:\/\/cointer.com\/wp-content\/uploads\/2024\/07\/family-8806379_1280-300x169.jpg 300w, https:\/\/cointer.com\/wp-content\/uploads\/2024\/07\/family-8806379_1280-1024x576.jpg 1024w, https:\/\/cointer.com\/wp-content\/uploads\/2024\/07\/family-8806379_1280-768x432.jpg 768w\" sizes=\"(max-width: 1280px) 100vw, 1280px\" \/><div class=\"wp-block-cover__inner-container is-layout-constrained wp-block-cover-is-layout-constrained\">\n<h2 class=\"wp-block-heading\" style=\"font-size:92px\">La larga experiencia de Cointer en el sector ha llevado a diversificar en los servicios y la tipolog\u00eda de clientes.<\/h2>\n<\/div><\/div>\n\n\n\n<div style=\"height:19px\" aria-hidden=\"true\" class=\"wp-block-spacer\"><\/div>\n\n\n\n<h3 class=\"wp-block-heading has-text-color has-link-color has-x-large-font-size wp-elements-9d4d3b8229693d675b1487a44a243aec\" style=\"color:#012045\">Cliente Final <\/h3>\n\n\n\n<div class=\"wp-block-media-text has-media-on-the-right is-stacked-on-mobile\" style=\"grid-template-columns:auto 51%\"><div class=\"wp-block-media-text__content\">\n<p class=\"has-medium-font-size\">Todo consumidor que tiene una necesidad y encuentra nuestros productos ofrecidos por m\u00faltiples canales online en los mercados&nbsp; donde trabajamos. Disponen de los mejores precios, gesti\u00f3n de env\u00edo con las mejores empresas, servicio de atenci\u00f3n al cliente y una garant\u00eda de 3 a\u00f1os con asistencia de un departamento t\u00e9cnico postventa.<\/p>\n<\/div><figure class=\"wp-block-media-text__media\"><img decoding=\"async\" width=\"600\" height=\"408\" src=\"http:\/\/cointer.com\/wp-content\/uploads\/2024\/07\/happy-woman-delivery-man-package-600nw-2304125563.jpg\" alt=\"\" class=\"wp-image-546 size-large\" srcset=\"https:\/\/cointer.com\/wp-content\/uploads\/2024\/07\/happy-woman-delivery-man-package-600nw-2304125563.jpg 600w, https:\/\/cointer.com\/wp-content\/uploads\/2024\/07\/happy-woman-delivery-man-package-600nw-2304125563-300x204.jpg 300w\" sizes=\"(max-width: 600px) 100vw, 600px\" \/><\/figure><\/div>\n\n\n\n<div style=\"height:19px\" aria-hidden=\"true\" class=\"wp-block-spacer\"><\/div>\n\n\n\n<h3 class=\"wp-block-heading has-text-align-right has-text-color has-link-color has-x-large-font-size wp-elements-64711489a9c9a01954e86efb03fcc083\" style=\"color:#012045\"><strong>Distribuidoras y grandes marcas retail<\/strong><\/h3>\n\n\n\n<div class=\"wp-block-media-text is-stacked-on-mobile\" style=\"grid-template-columns:49% auto\"><figure class=\"wp-block-media-text__media\"><img decoding=\"async\" width=\"600\" height=\"400\" src=\"http:\/\/cointer.com\/wp-content\/uploads\/2024\/07\/young-successful-sales-assistant-uniform-600nw-2110605533.jpg\" alt=\"\" class=\"wp-image-545 size-large\" srcset=\"https:\/\/cointer.com\/wp-content\/uploads\/2024\/07\/young-successful-sales-assistant-uniform-600nw-2110605533.jpg 600w, https:\/\/cointer.com\/wp-content\/uploads\/2024\/07\/young-successful-sales-assistant-uniform-600nw-2110605533-300x200.jpg 300w\" sizes=\"(max-width: 600px) 100vw, 600px\" \/><\/figure><div class=\"wp-block-media-text__content\">\n<p>Todo tipo de distribuidores interesados en distribuir los productos de nuestras marcas en un determinado territorio. Una red comercial gestiona estos pedidos con salida desde nuestra red de almacenes de forma r\u00e1pida, \u00e1gil y con las mejores condiciones.<\/p>\n<\/div><\/div>\n\n\n\n<div style=\"height:19px\" aria-hidden=\"true\" class=\"wp-block-spacer\"><\/div>\n\n\n\n<h3 class=\"wp-block-heading has-text-color has-link-color has-x-large-font-size wp-elements-0ad7a045b0ec7a2a1e5deaa9b925811b\" style=\"color:#012045\"><strong>Vendor en marketplaces<\/strong><\/h3>\n\n\n\n<div class=\"wp-block-media-text has-media-on-the-right is-stacked-on-mobile\" style=\"grid-template-columns:auto 51%\"><div class=\"wp-block-media-text__content\">\n<p>Empresas due\u00f1as de marketplaces solicitan productos de la marca Grunkel o GKL para su venta directa en sus marketplaces.<\/p>\n\n\n\n<p>Ofrecemos nuestros productos en modo vendor para que los propios marketplaces puedan comprar a coste y vender y distribuir nuestros productos desde sus instalaciones en mercados que vean conveniente.<\/p>\n<\/div><figure class=\"wp-block-media-text__media\"><img loading=\"lazy\" decoding=\"async\" width=\"600\" height=\"400\" src=\"http:\/\/cointer.com\/wp-content\/uploads\/2024\/07\/kazan-russia-oct-02-2021-600nw-2050982990.jpg\" alt=\"\" class=\"wp-image-548 size-large\" srcset=\"https:\/\/cointer.com\/wp-content\/uploads\/2024\/07\/kazan-russia-oct-02-2021-600nw-2050982990.jpg 600w, https:\/\/cointer.com\/wp-content\/uploads\/2024\/07\/kazan-russia-oct-02-2021-600nw-2050982990-300x200.jpg 300w\" sizes=\"(max-width: 600px) 100vw, 600px\" \/><\/figure><\/div>\n\n\n\n<div style=\"height:19px\" aria-hidden=\"true\" class=\"wp-block-spacer\"><\/div>\n\n\n\n<h3 class=\"wp-block-heading has-text-align-right has-text-color has-link-color has-x-large-font-size wp-elements-45e3a42e7ff935cc554fad438f3d7aca\" style=\"color:#012045\"><strong>Empresas que buscan nuestros servicios para sus proyectos, productos y marcas propia.<\/strong><\/h3>\n\n\n\n<div class=\"wp-block-media-text is-stacked-on-mobile\" style=\"grid-template-columns:49% auto\"><figure class=\"wp-block-media-text__media\"><img loading=\"lazy\" decoding=\"async\" width=\"600\" height=\"400\" src=\"http:\/\/cointer.com\/wp-content\/uploads\/2024\/07\/two-happy-older-younger-business-600nw-2392473591.jpg\" alt=\"\" class=\"wp-image-542 size-large\" srcset=\"https:\/\/cointer.com\/wp-content\/uploads\/2024\/07\/two-happy-older-younger-business-600nw-2392473591.jpg 600w, https:\/\/cointer.com\/wp-content\/uploads\/2024\/07\/two-happy-older-younger-business-600nw-2392473591-300x200.jpg 300w\" sizes=\"(max-width: 600px) 100vw, 600px\" \/><\/figure><div class=\"wp-block-media-text__content\">\n<p>Podemos ayudarles a todo el proceso para su propia marca o producto o solo desarrollar parte de los servicios de Cointer 360\u00ba ( distribuci\u00f3n, log\u00edsitica, almacenaje, compras, producto, ensamblaje, desarrollo de marcas y productos, marketing para muchos mercados )<\/p>\n<\/div><\/div>\n\n\n\n<div style=\"height:19px\" aria-hidden=\"true\" class=\"wp-block-spacer\"><\/div>\n","protected":false},"excerpt":{"rendered":"<p>Cliente Final Todo consumidor que tiene una necesidad y encuentra nuestros productos ofrecidos por m\u00faltiples canales online en los mercados&nbsp; [&hellip;]<\/p>\n","protected":false},"author":1,"featured_media":0,"parent":0,"menu_order":0,"comment_status":"closed","ping_status":"closed","template":"","meta":{"site-sidebar-layout":"default","site-content-layout":"","ast-site-content-layout":"","site-content-style":"default","site-sidebar-style":"default","ast-global-header-display":"","ast-banner-title-visibility":"","ast-main-header-display":"","ast-hfb-above-header-display":"","ast-hfb-below-header-display":"","ast-hfb-mobile-header-display":"","site-post-title":"disabled","ast-breadcrumbs-content":"","ast-featured-img":"","footer-sml-layout":"","theme-transparent-header-meta":"","adv-header-id-meta":"","stick-header-meta":"","header-above-stick-meta":"","header-main-stick-meta":"","header-below-stick-meta":"","astra-migrate-meta-layouts":"default","ast-page-background-enabled":"default","ast-page-background-meta":{"desktop":{"background-color":"var(--ast-global-color-4)","background-image":"","background-repeat":"repeat","background-position":"center center","background-size":"auto","background-attachment":"scroll","background-type":"","background-media":"","overlay-type":"","overlay-color":"","overlay-opacity":"","overlay-gradient":""},"tablet":{"background-color":"","background-image":"","background-repeat":"repeat","background-position":"center center","background-size":"auto","background-attachment":"scroll","background-type":"","background-media":"","overlay-type":"","overlay-color":"","overlay-opacity":"","overlay-gradient":""},"mobile":{"background-color":"","background-image":"","background-repeat":"repeat","background-position":"center center","background-size":"auto","background-attachment":"scroll","background-type":"","background-media":"","overlay-type":"","overlay-color":"","overlay-opacity":"","overlay-gradient":""}},"ast-content-background-meta":{"desktop":{"background-color":"var(--ast-global-color-5)","background-image":"","background-repeat":"repeat","background-position":"center center","background-size":"auto","background-attachment":"scroll","background-type":"","background-media":"","overlay-type":"","overlay-color":"","overlay-opacity":"","overlay-gradient":""},"tablet":{"background-color":"var(--ast-global-color-5)","background-image":"","background-repeat":"repeat","background-position":"center center","background-size":"auto","background-attachment":"scroll","background-type":"","background-media":"","overlay-type":"","overlay-color":"","overlay-opacity":"","overlay-gradient":""},"mobile":{"background-color":"var(--ast-global-color-5)","background-image":"","background-repeat":"repeat","background-position":"center center","background-size":"auto","background-attachment":"scroll","background-type":"","background-media":"","overlay-type":"","overlay-color":"","overlay-opacity":"","overlay-gradient":""}},"footnotes":""},"class_list":["post-70","page","type-page","status-publish","hentry"],"_links":{"self":[{"href":"https:\/\/cointer.com\/index.php\/wp-json\/wp\/v2\/pages\/70","targetHints":{"allow":["GET"]}}],"collection":[{"href":"https:\/\/cointer.com\/index.php\/wp-json\/wp\/v2\/pages"}],"about":[{"href":"https:\/\/cointer.com\/index.php\/wp-json\/wp\/v2\/types\/page"}],"author":[{"embeddable":true,"href":"https:\/\/cointer.com\/index.php\/wp-json\/wp\/v2\/users\/1"}],"replies":[{"embeddable":true,"href":"https:\/\/cointer.com\/index.php\/wp-json\/wp\/v2\/comments?post=70"}],"version-history":[{"count":16,"href":"https:\/\/cointer.com\/index.php\/wp-json\/wp\/v2\/pages\/70\/revisions"}],"predecessor-version":[{"id":551,"href":"https:\/\/cointer.com\/index.php\/wp-json\/wp\/v2\/pages\/70\/revisions\/551"}],"wp:attachment":[{"href":"https:\/\/cointer.com\/index.php\/wp-json\/wp\/v2\/media?parent=70"}],"curies":[{"name":"wp","href":"https:\/\/api.w.org\/{rel}","templated":true}]}}