{"id":570,"date":"2024-07-16T10:20:21","date_gmt":"2024-07-16T10:20:21","guid":{"rendered":"http:\/\/cointer.com\/index.php\/inicio-english\/"},"modified":"2026-01-26T19:02:02","modified_gmt":"2026-01-26T19:02:02","slug":"home","status":"publish","type":"page","link":"https:\/\/cointer.com\/index.php\/en\/home\/","title":{"rendered":"Inicio"},"content":{"rendered":"\n<div class=\"wp-block-cover alignfull\" style=\"min-height:100vh;aspect-ratio:unset;\"><img fetchpriority=\"high\" decoding=\"async\" width=\"2560\" height=\"1707\" class=\"wp-block-cover__image-background wp-image-400\" alt=\"\" src=\"http:\/\/cointer.com\/wp-content\/uploads\/2024\/07\/aerial-view-cargo-ship-cargo-container-harbor-scaled.jpg\" data-object-fit=\"cover\" srcset=\"https:\/\/cointer.com\/wp-content\/uploads\/2024\/07\/aerial-view-cargo-ship-cargo-container-harbor-scaled.jpg 2560w, https:\/\/cointer.com\/wp-content\/uploads\/2024\/07\/aerial-view-cargo-ship-cargo-container-harbor-300x200.jpg 300w, https:\/\/cointer.com\/wp-content\/uploads\/2024\/07\/aerial-view-cargo-ship-cargo-container-harbor-1024x683.jpg 1024w, https:\/\/cointer.com\/wp-content\/uploads\/2024\/07\/aerial-view-cargo-ship-cargo-container-harbor-768x512.jpg 768w, https:\/\/cointer.com\/wp-content\/uploads\/2024\/07\/aerial-view-cargo-ship-cargo-container-harbor-1536x1024.jpg 1536w, https:\/\/cointer.com\/wp-content\/uploads\/2024\/07\/aerial-view-cargo-ship-cargo-container-harbor-2048x1365.jpg 2048w, https:\/\/cointer.com\/wp-content\/uploads\/2024\/07\/aerial-view-cargo-ship-cargo-container-harbor-600x400.jpg 600w\" sizes=\"(max-width: 2560px) 100vw, 2560px\" \/><span aria-hidden=\"true\" class=\"wp-block-cover__background has-background-dim-70 has-background-dim\" style=\"background-color:#826471\"><\/span><div class=\"wp-block-cover__inner-container is-layout-constrained wp-block-cover-is-layout-constrained\">\n<h1 class=\"wp-block-heading has-text-align-center has-white-color has-text-color has-link-color has-x-large-font-size wp-elements-10ced7edf43969fb358677373517e0ec\">Strategic Importing. The Key to Your Business Growth.<\/h1>\n\n\n\n<h2 class=\"wp-block-heading has-text-align-center has-ast-global-color-5-color has-text-color has-link-color has-x-large-font-size wp-elements-98e9966d80d2f03b74a87bec17f1cbe3\"><br>Join Our Project!<\/h2>\n<\/div><\/div>\n\n\n\n<figure class=\"wp-block-embed is-type-video is-provider-youtube wp-block-embed-youtube wp-embed-aspect-16-9 wp-has-aspect-ratio\"><div class=\"wp-block-embed__wrapper\">\n<div class=\"ast-oembed-container \" style=\"height: 100%;\"><iframe title=\"Cointer Electronica, importaci\u00f3n exportaci\u00f3n\" width=\"500\" height=\"281\" src=\"https:\/\/www.youtube.com\/embed\/KBOkuc-crsk?feature=oembed\" frameborder=\"0\" allow=\"accelerometer; autoplay; clipboard-write; encrypted-media; gyroscope; picture-in-picture; web-share\" referrerpolicy=\"strict-origin-when-cross-origin\" allowfullscreen><\/iframe><\/div>\n<\/div><\/figure>\n\n\n\n<div class=\"wp-block-columns is-layout-flex wp-container-core-columns-is-layout-28f84493 wp-block-columns-is-layout-flex\">\n<div class=\"wp-block-column is-layout-flow wp-block-column-is-layout-flow\" style=\"flex-basis:100%\">\n<div class=\"wp-block-columns is-layout-flex wp-container-core-columns-is-layout-28f84493 wp-block-columns-is-layout-flex\">\n<div class=\"wp-block-column is-layout-flow wp-block-column-is-layout-flow\">\n<div class=\"wp-block-buttons is-layout-flex wp-block-buttons-is-layout-flex\">\n<div class=\"wp-block-button is-style-outline is-style-outline--1\"><a class=\"wp-block-button__link wp-element-button\" href=\"http:\/\/cointer.com\/wp-content\/uploads\/2026\/01\/dossier-COINTER-web-2026-EN.pdf\" target=\"_blank\" rel=\"noreferrer noopener\">English version. Services for Chinese companies to sell in UE<\/a><\/div>\n<\/div>\n<\/div>\n\n\n\n<div class=\"wp-block-column is-layout-flow wp-block-column-is-layout-flow\">\n<div class=\"wp-block-buttons is-layout-flex wp-block-buttons-is-layout-flex\">\n<div class=\"wp-block-button is-style-outline is-style-outline--2\"><a class=\"wp-block-button__link wp-element-button\" href=\"http:\/\/cointer.com\/wp-content\/uploads\/2026\/01\/dossier-COINTER-web-2026-ES.pdf\" target=\"_blank\" rel=\"noreferrer noopener\">Version Espa\u00f1ol. Servicios para importaci\u00f3n desde China<\/a><\/div>\n<\/div>\n<\/div>\n<\/div>\n<\/div>\n<\/div>\n\n\n\n<h2 class=\"wp-block-heading has-text-align-center\">Contact with us<\/h2>\n\n\n\n<div class=\"wp-block-buttons alignwide is-content-justification-center is-layout-flex wp-container-core-buttons-is-layout-a89b3969 wp-block-buttons-is-layout-flex\">\n<div class=\"wp-block-button\"><a class=\"wp-block-button__link has-text-align-center wp-element-button\">contact@cointer.com <\/a><\/div>\n<\/div>\n\n\n\n<ul class=\"wp-block-social-links aligncenter is-layout-flex wp-block-social-links-is-layout-flex\"><li class=\"wp-social-link wp-social-link-mail  wp-block-social-link\"><a href=\"mailto:contact@cointer.com\" class=\"wp-block-social-link-anchor\"><svg width=\"24\" height=\"24\" viewBox=\"0 0 24 24\" version=\"1.1\" xmlns=\"http:\/\/www.w3.org\/2000\/svg\" aria-hidden=\"true\" focusable=\"false\"><path d=\"M19,5H5c-1.1,0-2,.9-2,2v10c0,1.1.9,2,2,2h14c1.1,0,2-.9,2-2V7c0-1.1-.9-2-2-2zm.5,12c0,.3-.2.5-.5.5H5c-.3,0-.5-.2-.5-.5V9.8l7.5,5.6,7.5-5.6V17zm0-9.1L12,13.6,4.5,7.9V7c0-.3.2-.5.5-.5h14c.3,0,.5.2.5.5v.9z\"><\/path><\/svg><span class=\"wp-block-social-link-label screen-reader-text\">Correo electr\u00f3nico<\/span><\/a><\/li><\/ul>\n\n\n\n<div class=\"wp-block-group alignfull has-ast-global-color-5-background-color has-background is-layout-grid wp-container-core-group-is-layout-478b6e6b wp-block-group-is-layout-grid\" id=\"reviews\">\n<p class=\"has-text-align-center wp-container-content-492a994e\" style=\"font-size:22px;line-height:1.6\">\u201cAt Cointer, we facilitate the efficient and secure import of products from abroad. Our team handles everything, from customs procedures to logistics, ensuring your products arrive on time and without any issues. Trust us to optimize your operations and focus on growing your business.\u201d<\/p>\n<\/div>\n\n\n\n<div class=\"wp-block-group alignfull has-ast-global-color-5-background-color has-background is-layout-constrained wp-container-core-group-is-layout-9cedb757 wp-block-group-is-layout-constrained\" style=\"padding-bottom:0px\">\n<div class=\"wp-block-columns are-vertically-aligned-top is-layout-flex wp-container-core-columns-is-layout-00723822 wp-block-columns-is-layout-flex\">\n<div class=\"wp-block-column is-vertically-aligned-top is-layout-flow wp-container-core-column-is-layout-6b73ce23 wp-block-column-is-layout-flow\">\n<figure class=\"wp-block-image size-large\"><img decoding=\"async\" src=\"http:\/\/cointer.com\/wp-content\/themes\/astra\/inc\/assets\/images\/starter-content\/building.svg\" alt=\"\" class=\"wp-image-134\"\/><\/figure>\n\n\n\n<h3 class=\"wp-block-heading has-text-align-left has-text-color has-link-color wp-elements-46c44198cd8d916cb7166c9176aca938\" style=\"color:#012045;margin-top:16px\">International Import and Export<\/h3>\n\n\n\n<p class=\"has-text-align-left\">Adaptability to new challenges and markets.<\/p>\n<\/div>\n\n\n\n<div class=\"wp-block-column is-vertically-aligned-top is-layout-flow wp-container-core-column-is-layout-6b73ce23 wp-block-column-is-layout-flow\">\n<figure class=\"wp-block-image size-large\"><img decoding=\"async\" src=\"http:\/\/cointer.com\/wp-content\/themes\/astra\/inc\/assets\/images\/starter-content\/shopping-bag.svg\" alt=\"\" class=\"wp-image-135\"\/><\/figure>\n\n\n\n<h3 class=\"wp-block-heading has-text-align-left has-text-color has-link-color wp-elements-324fada5ae81217662f74ad6b937a22f\" style=\"color:#012045;margin-top:16px\"><a href=\"http:\/\/cointer.com\/index.php\/nuestros-clientes\/#b2b\" data-type=\"page\" data-id=\"70\">B2B Online Sales<\/a><\/h3>\n\n\n\n<p class=\"has-text-align-left\">Major electronics chains in Spain and Portugal.<\/p>\n<\/div>\n\n\n\n<div class=\"wp-block-column is-vertically-aligned-top is-layout-flow wp-container-core-column-is-layout-6b73ce23 wp-block-column-is-layout-flow\">\n<figure class=\"wp-block-image size-large\"><img decoding=\"async\" src=\"http:\/\/cointer.com\/wp-content\/themes\/astra\/inc\/assets\/images\/starter-content\/blog.svg\" alt=\"\" class=\"wp-image-136\"\/><\/figure>\n\n\n\n<h3 class=\"wp-block-heading has-text-align-left has-text-color has-link-color wp-elements-45cf8b6f9521fc43e3a3030a672027c0\" style=\"color:#012045;margin-top:16px\">40 Years of Importing Experience<\/h3>\n\n\n\n<p class=\"has-text-align-left\">Success stories reflecting the constant evolution of the market.<\/p>\n<\/div>\n\n\n\n<div class=\"wp-block-column is-vertically-aligned-top is-layout-flow wp-container-core-column-is-layout-6b73ce23 wp-block-column-is-layout-flow\">\n<figure class=\"wp-block-image size-large\"><img decoding=\"async\" src=\"http:\/\/cointer.com\/wp-content\/themes\/astra\/inc\/assets\/images\/starter-content\/portfolio.svg\" alt=\"\" class=\"wp-image-137\"\/><\/figure>\n\n\n\n<h3 class=\"wp-block-heading has-text-align-left has-text-color has-link-color wp-elements-3c83c87ce1bdee99492a306cb6972474\" style=\"color:#012045;margin-top:16px\"><a href=\"http:\/\/cointer.com\/index.php\/nuestros-servicios\/\" data-type=\"page\" data-id=\"263\">Services and Projects<\/a><\/h3>\n\n\n\n<p class=\"has-text-align-left\">Discover all the services we can provide for you.<\/p>\n<\/div>\n<\/div>\n<\/div>\n\n\n\n<div class=\"wp-block-group alignfull is-layout-constrained wp-container-core-group-is-layout-45b0ac4f wp-block-group-is-layout-constrained\" id=\"services\" style=\"padding-top:144px;padding-bottom:0px\">\n<h2 class=\"wp-block-heading has-text-color has-link-color wp-elements-a966fd266da05f42ac80d0efc5dba39a\" style=\"color:#012045\">Our Services<\/h2>\n\n\n\n<div class=\"wp-block-columns is-layout-flex wp-container-core-columns-is-layout-60cbf9bb wp-block-columns-is-layout-flex\" style=\"margin-top:50px\">\n<div class=\"wp-block-column is-layout-flow wp-container-core-column-is-layout-6b73ce23 wp-block-column-is-layout-flow\">\n<figure class=\"wp-block-image size-full\"><a href=\"http:\/\/cointer.com\/index.php\/nuestros-servicios\/#logistica\"><img decoding=\"async\" width=\"1280\" height=\"854\" src=\"http:\/\/cointer.com\/wp-content\/uploads\/2024\/07\/industrial-hall-1630737_1280.jpg\" alt=\"\" class=\"wp-image-339\" srcset=\"https:\/\/cointer.com\/wp-content\/uploads\/2024\/07\/industrial-hall-1630737_1280.jpg 1280w, https:\/\/cointer.com\/wp-content\/uploads\/2024\/07\/industrial-hall-1630737_1280-300x200.jpg 300w, https:\/\/cointer.com\/wp-content\/uploads\/2024\/07\/industrial-hall-1630737_1280-1024x683.jpg 1024w, https:\/\/cointer.com\/wp-content\/uploads\/2024\/07\/industrial-hall-1630737_1280-768x512.jpg 768w, https:\/\/cointer.com\/wp-content\/uploads\/2024\/07\/industrial-hall-1630737_1280-600x400.jpg 600w\" sizes=\"(max-width: 1280px) 100vw, 1280px\" \/><\/a><\/figure>\n\n\n\n<h3 class=\"wp-block-heading has-text-color has-link-color wp-elements-ca3d1342050be04cf8c2151bbfea41f5\" style=\"color:#012045;margin-top:16px\"><a href=\"http:\/\/cointer.com\/index.php\/nuestros-servicios\/#logistica\" data-type=\"page\" data-id=\"263\">Import Logistics<\/a><\/h3>\n\n\n\n<p>We manage the entire logistics chain to ensure your products arrive on time and in perfect condition.<\/p>\n<\/div>\n\n\n\n<div class=\"wp-block-column is-layout-flow wp-container-core-column-is-layout-6b73ce23 wp-block-column-is-layout-flow\">\n<figure class=\"wp-block-image size-full\"><a href=\"http:\/\/cointer.com\/index.php\/nuestros-servicios\/#comercioexterior\"><img decoding=\"async\" width=\"1280\" height=\"857\" src=\"http:\/\/cointer.com\/wp-content\/uploads\/2024\/07\/dock-441989_1280.jpg\" alt=\"\" class=\"wp-image-337\" srcset=\"https:\/\/cointer.com\/wp-content\/uploads\/2024\/07\/dock-441989_1280.jpg 1280w, https:\/\/cointer.com\/wp-content\/uploads\/2024\/07\/dock-441989_1280-300x201.jpg 300w, https:\/\/cointer.com\/wp-content\/uploads\/2024\/07\/dock-441989_1280-1024x686.jpg 1024w, https:\/\/cointer.com\/wp-content\/uploads\/2024\/07\/dock-441989_1280-768x514.jpg 768w\" sizes=\"(max-width: 1280px) 100vw, 1280px\" \/><\/a><\/figure>\n\n\n\n<h3 class=\"wp-block-heading has-text-color has-link-color wp-elements-8a9cfbeb3517ce9621a7c6bfa68187d5\" style=\"color:#012045;margin-top:16px\"><a href=\"http:\/\/cointer.com\/index.php\/nuestros-servicios\/#comercioexterior\" data-type=\"page\" data-id=\"263\">Import Regulations<\/a><\/h3>\n\n\n\n<p>We advise you on compliance with all customs regulations and standards to avoid any issues.<\/p>\n<\/div>\n\n\n\n<div class=\"wp-block-column is-layout-flow wp-container-core-column-is-layout-6b73ce23 wp-block-column-is-layout-flow\">\n<figure class=\"wp-block-image size-full\"><a href=\"http:\/\/cointer.com\/index.php\/nuestros-servicios\/\"><img loading=\"lazy\" decoding=\"async\" width=\"1280\" height=\"853\" src=\"http:\/\/cointer.com\/wp-content\/uploads\/2024\/07\/startup-3267505_1280.jpg\" alt=\"\" class=\"wp-image-342\" srcset=\"https:\/\/cointer.com\/wp-content\/uploads\/2024\/07\/startup-3267505_1280.jpg 1280w, https:\/\/cointer.com\/wp-content\/uploads\/2024\/07\/startup-3267505_1280-300x200.jpg 300w, https:\/\/cointer.com\/wp-content\/uploads\/2024\/07\/startup-3267505_1280-1024x682.jpg 1024w, https:\/\/cointer.com\/wp-content\/uploads\/2024\/07\/startup-3267505_1280-768x512.jpg 768w, https:\/\/cointer.com\/wp-content\/uploads\/2024\/07\/startup-3267505_1280-600x400.jpg 600w\" sizes=\"(max-width: 1280px) 100vw, 1280px\" \/><\/a><\/figure>\n\n\n\n<h3 class=\"wp-block-heading has-text-color has-link-color wp-elements-706cf344423ffa5b56a323cd6ed88f97\" style=\"color:#012045;margin-top:16px\">Import Procedures and Documentation<\/h3>\n\n\n\n<p>We handle all the necessary procedures and documentation for a successful transaction.<\/p>\n<\/div>\n\n\n\n<div class=\"wp-block-column is-layout-flow wp-container-core-column-is-layout-6b73ce23 wp-block-column-is-layout-flow\">\n<figure class=\"wp-block-image size-full is-resized\"><a href=\"http:\/\/cointer.com\/index.php\/nuestros-servicios\/#ventaonline\"><img loading=\"lazy\" decoding=\"async\" width=\"1280\" height=\"853\" src=\"http:\/\/cointer.com\/wp-content\/uploads\/2024\/07\/digital-marketing-1725340_1280.jpg\" alt=\"\" class=\"wp-image-341\" style=\"width:282px;height:auto\" srcset=\"https:\/\/cointer.com\/wp-content\/uploads\/2024\/07\/digital-marketing-1725340_1280.jpg 1280w, https:\/\/cointer.com\/wp-content\/uploads\/2024\/07\/digital-marketing-1725340_1280-300x200.jpg 300w, https:\/\/cointer.com\/wp-content\/uploads\/2024\/07\/digital-marketing-1725340_1280-1024x682.jpg 1024w, https:\/\/cointer.com\/wp-content\/uploads\/2024\/07\/digital-marketing-1725340_1280-768x512.jpg 768w, https:\/\/cointer.com\/wp-content\/uploads\/2024\/07\/digital-marketing-1725340_1280-600x400.jpg 600w\" sizes=\"(max-width: 1280px) 100vw, 1280px\" \/><\/a><\/figure>\n\n\n\n<h3 class=\"wp-block-heading has-text-color has-link-color wp-elements-312159aa1829ca47ddca1128f7675078\" style=\"color:#012045;margin-top:16px\"><a href=\"http:\/\/cointer.com\/index.php\/nuestros-servicios\/#ventaonline\" data-type=\"page\" data-id=\"263\">Our Work Process<\/a><\/h3>\n\n\n\n<p>We assess your import needs and design a customized logistics and regulatory plan. We manage its implementation and oversee every stage.<\/p>\n\n\n\n<p><br><\/p>\n<\/div>\n<\/div>\n<\/div>\n\n\n\n<h2 class=\"wp-block-heading has-text-color has-link-color wp-elements-c43506713c05e32b4d83f4bb0ea269c1\" style=\"color:#012045\">We are looking for partners interested in projects.<\/h2>\n\n\n\n<p>More than 100 professionals across 2 continents with over 40 years of experience.<\/p>\n\n\n\n<p>After-sales service and product warranty with full CE compliance.<\/p>\n\n\n\n<figure class=\"wp-block-image size-full\"><img loading=\"lazy\" decoding=\"async\" width=\"600\" height=\"480\" src=\"https:\/\/cointer.com\/wp-content\/uploads\/2026\/01\/about-us.jpg\" alt=\"\" class=\"wp-image-681\" srcset=\"https:\/\/cointer.com\/wp-content\/uploads\/2026\/01\/about-us.jpg 600w, https:\/\/cointer.com\/wp-content\/uploads\/2026\/01\/about-us-300x240.jpg 300w\" sizes=\"(max-width: 600px) 100vw, 600px\" \/><\/figure>\n\n\n\n<div class=\"wp-block-group alignfull has-ast-global-color-4-background-color has-background is-layout-constrained wp-container-core-group-is-layout-6a2cfb7b wp-block-group-is-layout-constrained\" id=\"reviews\">\n<figure class=\"wp-block-image aligncenter size-full\"><img decoding=\"async\" src=\"http:\/\/cointer.com\/wp-content\/themes\/astra\/inc\/assets\/images\/starter-content\/avatar.png\" alt=\"\" class=\"wp-image-235\"\/><\/figure>\n\n\n\n<p class=\"has-text-align-center\" style=\"font-size:22px;line-height:1.6\">\u201cWe have implemented a work methodology based on profitability and sustained growth in all our employees and collaborators.\u201d<\/p>\n\n\n\n<p class=\"has-text-align-center\"><strong>Juan Pedro \u00c1lvarez, CEO<\/strong><\/p>\n<\/div>\n\n\n\n<div class=\"wp-block-group alignfull is-layout-constrained wp-container-core-group-is-layout-53cfc429 wp-block-group-is-layout-constrained\" id=\"whyus\" style=\"padding-top:94px;padding-bottom:94px\">\n<h2 class=\"wp-block-heading has-text-color has-link-color wp-elements-e8dd971c9f60f43555efaa317f62486f\" style=\"color:#012045\">Why choose Cointer?<\/h2>\n\n\n\n<div class=\"wp-block-columns is-layout-flex wp-container-core-columns-is-layout-29aadeec wp-block-columns-is-layout-flex\" style=\"margin-top:60px\">\n<div class=\"wp-block-column is-layout-flow wp-container-core-column-is-layout-6b73ce23 wp-block-column-is-layout-flow\">\n<figure class=\"wp-block-image size-large\"><img decoding=\"async\" src=\"http:\/\/cointer.com\/wp-content\/themes\/astra\/inc\/assets\/images\/starter-content\/passionate.svg\" alt=\"\" class=\"wp-image-162\"\/><\/figure>\n\n\n\n<h3 class=\"wp-block-heading has-text-color has-link-color wp-elements-eb810cf2275ca1ea56f878dbf1981535\" style=\"color:#012045;margin-top:16px\">Passion<\/h3>\n\n\n\n<p>Professionals dedicated to projects and achieving objectives.<\/p>\n<\/div>\n\n\n\n<div class=\"wp-block-column is-layout-flow wp-container-core-column-is-layout-6b73ce23 wp-block-column-is-layout-flow\">\n<figure class=\"wp-block-image size-large\"><img decoding=\"async\" src=\"http:\/\/cointer.com\/wp-content\/themes\/astra\/inc\/assets\/images\/starter-content\/professional.svg\" alt=\"\" class=\"wp-image-163\"\/><\/figure>\n\n\n\n<h3 class=\"wp-block-heading has-text-color has-link-color wp-elements-b98377d9349fd9b54e8a54cb9b9e8538\" style=\"color:#012045;margin-top:16px\">Professionalism<\/h3>\n\n\n\n<p>A qualified and coordinated team working efficiently and on schedule.<\/p>\n<\/div>\n\n\n\n<div class=\"wp-block-column is-layout-flow wp-container-core-column-is-layout-6b73ce23 wp-block-column-is-layout-flow\">\n<figure class=\"wp-block-image size-large\"><img decoding=\"async\" src=\"http:\/\/cointer.com\/wp-content\/themes\/astra\/inc\/assets\/images\/starter-content\/support.svg\" alt=\"\" class=\"wp-image-164\"\/><\/figure>\n\n\n\n<h3 class=\"wp-block-heading has-text-color has-link-color wp-elements-3ec67a5aca7e3c21755bb9e557ee5ba6\" style=\"color:#012045;margin-top:16px\">Support<\/h3>\n\n\n\n<p>Our departments are ready to handle all processes with the highest quality and fastest response times.<\/p>\n<\/div>\n<\/div>\n<\/div>\n\n\n\n<div class=\"wp-block-group alignfull has-background is-layout-constrained wp-container-core-group-is-layout-cfcca693 wp-block-group-is-layout-constrained\" id=\"contact\" style=\"background:linear-gradient(135deg,rgb(86,86,86) 0%,rgb(220,220,220) 100%);padding-top:104px;padding-bottom:104px\">\n<h2 class=\"wp-block-heading has-text-align-center has-text-color\" style=\"color:#565656\">Download our Company Profile.<\/h2>\n\n\n\n<div class=\"wp-block-buttons alignwide is-horizontal is-content-justification-center is-layout-flex wp-container-core-buttons-is-layout-bba8380a wp-block-buttons-is-layout-flex\" style=\"margin-top:50px\">\n<div class=\"wp-block-button\"><a class=\"wp-block-button__link wp-element-button\" href=\"https:\/\/grunkel.com\/\">Descargar<\/a><\/div>\n<\/div>\n<\/div>\n\n\n\n<h2 class=\"wp-block-heading\">\u00daltimas noticias:<\/h2>\n\n\n<ul class=\"wp-block-latest-posts__list wp-block-latest-posts\"><li><a class=\"wp-block-latest-posts__post-title\" href=\"https:\/\/cointer.com\/index.php\/2026\/03\/19\/premios-simon-de-rojas-clemente-caja-rural-del-sur\/\">Cointer Electr\u00f3nica acompa\u00f1a al talento andaluz en el XVIII Premio Sim\u00f3n de Rojas Clemente<\/a><\/li>\n<li><a class=\"wp-block-latest-posts__post-title\" href=\"https:\/\/cointer.com\/index.php\/2024\/07\/31\/como-funcionan-las-aduanas-en-espana-para-importaciones\/\">C\u00f3mo Funcionan las Aduanas en Espa\u00f1a para Importaciones<\/a><\/li>\n<li><a class=\"wp-block-latest-posts__post-title\" href=\"https:\/\/cointer.com\/index.php\/2024\/07\/31\/errores-comunes-al-importar-productos-desde-china-a-espana\/\">Errores Comunes al Importar Productos desde China a Espa\u00f1a<\/a><\/li>\n<li><a class=\"wp-block-latest-posts__post-title\" href=\"https:\/\/cointer.com\/index.php\/2024\/07\/30\/proveedores-de-producto-para-importacion\/\">Proveedores de Producto para Importaci\u00f3n \u00bfComo encontrarlo?<\/a><\/li>\n<li><a class=\"wp-block-latest-posts__post-title\" href=\"https:\/\/cointer.com\/index.php\/2024\/06\/21\/normativa-de-importacion-en-espana\/\">Normativa de Importaci\u00f3n en Espa\u00f1a<\/a><\/li>\n<\/ul>\n\n\n<p><\/p>\n","protected":false},"excerpt":{"rendered":"<p>Contact with us \u201cAt Cointer, we facilitate the efficient and secure import of products from abroad. Our team handles everything, [&hellip;]<\/p>\n","protected":false},"author":1,"featured_media":0,"parent":0,"menu_order":0,"comment_status":"closed","ping_status":"closed","template":"","meta":{"site-sidebar-layout":"no-sidebar","site-content-layout":"plain-container","ast-site-content-layout":"","site-content-style":"default","site-sidebar-style":"default","ast-global-header-display":"","ast-banner-title-visibility":"","ast-main-header-display":"","ast-hfb-above-header-display":"","ast-hfb-below-header-display":"","ast-hfb-mobile-header-display":"","site-post-title":"disabled","ast-breadcrumbs-content":"","ast-featured-img":"","footer-sml-layout":"","theme-transparent-header-meta":"enabled","adv-header-id-meta":"","stick-header-meta":"","header-above-stick-meta":"","header-main-stick-meta":"","header-below-stick-meta":"","astra-migrate-meta-layouts":"default","ast-page-background-enabled":"default","ast-page-background-meta":{"desktop":{"background-color":"var(--ast-global-color-4)","background-image":"","background-repeat":"repeat","background-position":"center center","background-size":"auto","background-attachment":"scroll","background-type":"","background-media":"","overlay-type":"","overlay-color":"","overlay-opacity":"","overlay-gradient":""},"tablet":{"background-color":"","background-image":"","background-repeat":"repeat","background-position":"center center","background-size":"auto","background-attachment":"scroll","background-type":"","background-media":"","overlay-type":"","overlay-color":"","overlay-opacity":"","overlay-gradient":""},"mobile":{"background-color":"","background-image":"","background-repeat":"repeat","background-position":"center center","background-size":"auto","background-attachment":"scroll","background-type":"","background-media":"","overlay-type":"","overlay-color":"","overlay-opacity":"","overlay-gradient":""}},"ast-content-background-meta":{"desktop":{"background-color":"var(--ast-global-color-5)","background-image":"","background-repeat":"repeat","background-position":"center center","background-size":"auto","background-attachment":"scroll","background-type":"","background-media":"","overlay-type":"","overlay-color":"","overlay-opacity":"","overlay-gradient":""},"tablet":{"background-color":"var(--ast-global-color-5)","background-image":"","background-repeat":"repeat","background-position":"center center","background-size":"auto","background-attachment":"scroll","background-type":"","background-media":"","overlay-type":"","overlay-color":"","overlay-opacity":"","overlay-gradient":""},"mobile":{"background-color":"var(--ast-global-color-5)","background-image":"","background-repeat":"repeat","background-position":"center center","background-size":"auto","background-attachment":"scroll","background-type":"","background-media":"","overlay-type":"","overlay-color":"","overlay-opacity":"","overlay-gradient":""}},"footnotes":""},"class_list":["post-570","page","type-page","status-publish","hentry"],"_links":{"self":[{"href":"https:\/\/cointer.com\/index.php\/wp-json\/wp\/v2\/pages\/570","targetHints":{"allow":["GET"]}}],"collection":[{"href":"https:\/\/cointer.com\/index.php\/wp-json\/wp\/v2\/pages"}],"about":[{"href":"https:\/\/cointer.com\/index.php\/wp-json\/wp\/v2\/types\/page"}],"author":[{"embeddable":true,"href":"https:\/\/cointer.com\/index.php\/wp-json\/wp\/v2\/users\/1"}],"replies":[{"embeddable":true,"href":"https:\/\/cointer.com\/index.php\/wp-json\/wp\/v2\/comments?post=570"}],"version-history":[{"count":11,"href":"https:\/\/cointer.com\/index.php\/wp-json\/wp\/v2\/pages\/570\/revisions"}],"predecessor-version":[{"id":702,"href":"https:\/\/cointer.com\/index.php\/wp-json\/wp\/v2\/pages\/570\/revisions\/702"}],"wp:attachment":[{"href":"https:\/\/cointer.com\/index.php\/wp-json\/wp\/v2\/media?parent=570"}],"curies":[{"name":"wp","href":"https:\/\/api.w.org\/{rel}","templated":true}]}}