{"id":51,"date":"2025-04-03T14:18:08","date_gmt":"2025-04-03T14:18:08","guid":{"rendered":"http:\/\/cointer.com\/?page_id=51"},"modified":"2026-04-15T07:52:04","modified_gmt":"2026-04-15T07:52:04","slug":"inicio","status":"publish","type":"page","link":"https:\/\/cointer.com\/","title":{"rendered":"Inicio"},"content":{"rendered":"\n<figure class=\"wp-block-image alignfull size-large\"><img fetchpriority=\"high\" decoding=\"async\" width=\"1024\" height=\"768\" src=\"https:\/\/cointer.com\/wp-content\/uploads\/2026\/04\/underconstruction-1024x768.jpg\" alt=\"\" class=\"wp-image-735\" srcset=\"https:\/\/cointer.com\/wp-content\/uploads\/2026\/04\/underconstruction-1024x768.jpg 1024w, https:\/\/cointer.com\/wp-content\/uploads\/2026\/04\/underconstruction-300x225.jpg 300w, https:\/\/cointer.com\/wp-content\/uploads\/2026\/04\/underconstruction-768x576.jpg 768w, https:\/\/cointer.com\/wp-content\/uploads\/2026\/04\/underconstruction-1536x1152.jpg 1536w, https:\/\/cointer.com\/wp-content\/uploads\/2026\/04\/underconstruction.jpg 1890w\" sizes=\"(max-width: 1024px) 100vw, 1024px\" \/><\/figure>\n\n\n\n\n\n\n\n<div class=\"wp-block-columns is-layout-flex wp-container-core-columns-is-layout-28f84493 wp-block-columns-is-layout-flex\">\n<div class=\"wp-block-column is-layout-flow wp-block-column-is-layout-flow\" style=\"flex-basis:100%\">\n<div class=\"wp-block-columns is-layout-flex wp-container-core-columns-is-layout-28f84493 wp-block-columns-is-layout-flex\">\n<div class=\"wp-block-column is-layout-flow wp-block-column-is-layout-flow\">\n<div class=\"wp-block-buttons is-layout-flex wp-block-buttons-is-layout-flex\">\n<div class=\"wp-block-button is-style-outline is-style-outline--1\"><a class=\"wp-block-button__link wp-element-button\" href=\"http:\/\/cointer.com\/wp-content\/uploads\/2026\/01\/dossier-COINTER-web-2026-EN.pdf\" target=\"_blank\" rel=\"noreferrer noopener\">English version. Services for Chinese companies to sell in UE<\/a><\/div>\n<\/div>\n<\/div>\n\n\n\n<div class=\"wp-block-column is-layout-flow wp-block-column-is-layout-flow\">\n<div class=\"wp-block-buttons is-layout-flex wp-block-buttons-is-layout-flex\">\n<div class=\"wp-block-button is-style-outline is-style-outline--2\"><a class=\"wp-block-button__link wp-element-button\" href=\"http:\/\/cointer.com\/wp-content\/uploads\/2026\/01\/dossier-COINTER-web-2026-ES.pdf\" target=\"_blank\" rel=\"noreferrer noopener\">Version Espa\u00f1ol. Servicios para importaci\u00f3n desde China<\/a><\/div>\n<\/div>\n<\/div>\n<\/div>\n<\/div>\n<\/div>\n\n\n\n<h2 class=\"wp-block-heading has-text-align-center\">Contacta con nosotros<\/h2>\n\n\n\n<div class=\"wp-block-buttons alignwide is-content-justification-center is-layout-flex wp-container-core-buttons-is-layout-a89b3969 wp-block-buttons-is-layout-flex\">\n<div class=\"wp-block-button\"><a class=\"wp-block-button__link has-text-align-center wp-element-button\">contact@cointer.com <\/a><\/div>\n<\/div>\n\n\n\n<ul class=\"wp-block-social-links aligncenter is-layout-flex wp-block-social-links-is-layout-flex\"><li class=\"wp-social-link wp-social-link-mail  wp-block-social-link\"><a href=\"mailto:contact@cointer.com\" class=\"wp-block-social-link-anchor\"><svg width=\"24\" height=\"24\" viewBox=\"0 0 24 24\" version=\"1.1\" xmlns=\"http:\/\/www.w3.org\/2000\/svg\" aria-hidden=\"true\" focusable=\"false\"><path d=\"M19,5H5c-1.1,0-2,.9-2,2v10c0,1.1.9,2,2,2h14c1.1,0,2-.9,2-2V7c0-1.1-.9-2-2-2zm.5,12c0,.3-.2.5-.5.5H5c-.3,0-.5-.2-.5-.5V9.8l7.5,5.6,7.5-5.6V17zm0-9.1L12,13.6,4.5,7.9V7c0-.3.2-.5.5-.5h14c.3,0,.5.2.5.5v.9z\"><\/path><\/svg><span class=\"wp-block-social-link-label screen-reader-text\">Correo electr\u00f3nico<\/span><\/a><\/li><\/ul>\n\n\n\n\n\n\n\n<div class=\"wp-block-group alignfull is-layout-constrained wp-container-core-group-is-layout-45b0ac4f wp-block-group-is-layout-constrained\" id=\"services\" style=\"padding-top:144px;padding-bottom:0px\">\n\n<\/div>\n\n\n\n<div class=\"wp-block-group alignfull has-ast-global-color-5-background-color has-background is-layout-constrained wp-container-core-group-is-layout-94d206d0 wp-block-group-is-layout-constrained\" id=\"about\" style=\"padding-top:143px;padding-bottom:144px\">\n<div class=\"wp-block-genesis-blocks-gb-columns gb-layout-columns-2 gb-2-col-equal\"><div class=\"gb-layout-column-wrap gb-block-layout-column-gap-2 gb-is-responsive-column\">\n\n<div class=\"wp-block-genesis-blocks-gb-column gb-block-layout-column\"><div class=\"gb-block-layout-column-inner\">\n\n<h2 class=\"wp-block-heading has-text-color has-link-color wp-elements-b8f662168e5f86585d0b376cf1cc5270\" style=\"color:#012045;padding-right:40px\">Buscamos partners interesados en proyectos<\/h2>\n\n\n<p>M\u00e1s de 100 profesionales en 2 continentes con m\u00e1s 40 a\u00f1os de experiencia.<\/p>\n\n\n<p>Servicio Postventa y garant\u00eda de producto con todo el cumplimiento CE<\/p>\n\n<\/div><\/div>\n\n\n<div class=\"wp-block-genesis-blocks-gb-column gb-block-layout-column gb-is-vertically-aligned-center\"><div class=\"gb-block-layout-column-inner\">\n\n<figure class=\"wp-block-image size-full\"><a href=\"http:\/\/cointer.com\/index.php\/trabaja-con-nosotros\/\"><img decoding=\"async\" width=\"600\" height=\"480\" src=\"http:\/\/cointer.com\/wp-content\/uploads\/2024\/07\/about-us.jpg\" alt=\"\" class=\"wp-image-459\" srcset=\"https:\/\/cointer.com\/wp-content\/uploads\/2024\/07\/about-us.jpg 600w, https:\/\/cointer.com\/wp-content\/uploads\/2024\/07\/about-us-300x240.jpg 300w\" sizes=\"(max-width: 600px) 100vw, 600px\" \/><\/a><\/figure>\n\n<\/div><\/div>\n\n<\/div><\/div>\n<\/div>\n\n\n\n\n\n\n\n<div class=\"wp-block-group alignfull has-background is-layout-constrained wp-container-core-group-is-layout-cfcca693 wp-block-group-is-layout-constrained\" id=\"contact\" style=\"background:linear-gradient(135deg,rgb(86,86,86) 0%,rgb(220,220,220) 100%);padding-top:104px;padding-bottom:104px\">\n<h2 class=\"wp-block-heading has-text-align-center has-text-color\" style=\"color:#565656\">Descarga nuestro Dossier Corporativo<\/h2>\n\n\n\n<div class=\"wp-block-buttons alignwide is-horizontal is-content-justification-center is-layout-flex wp-container-core-buttons-is-layout-bba8380a wp-block-buttons-is-layout-flex\" style=\"margin-top:50px\">\n<div class=\"wp-block-button\"><a class=\"wp-block-button__link wp-element-button\" href=\"https:\/\/grunkel.com\/\">Descargar<\/a><\/div>\n<\/div>\n<\/div>\n\n\n\n<h2 class=\"wp-block-heading\">\u00daltimas noticias:<\/h2>\n\n\n<ul class=\"wp-block-latest-posts__list wp-block-latest-posts\"><li><a class=\"wp-block-latest-posts__post-title\" href=\"https:\/\/cointer.com\/index.php\/2026\/03\/19\/premios-simon-de-rojas-clemente-caja-rural-del-sur\/\">Cointer Electr\u00f3nica acompa\u00f1a al talento andaluz en el XVIII Premio Sim\u00f3n de Rojas Clemente<\/a><\/li>\n<li><a class=\"wp-block-latest-posts__post-title\" href=\"https:\/\/cointer.com\/index.php\/2024\/07\/31\/como-funcionan-las-aduanas-en-espana-para-importaciones\/\">C\u00f3mo Funcionan las Aduanas en Espa\u00f1a para Importaciones<\/a><\/li>\n<li><a class=\"wp-block-latest-posts__post-title\" href=\"https:\/\/cointer.com\/index.php\/2024\/07\/31\/errores-comunes-al-importar-productos-desde-china-a-espana\/\">Errores Comunes al Importar Productos desde China a Espa\u00f1a<\/a><\/li>\n<li><a class=\"wp-block-latest-posts__post-title\" href=\"https:\/\/cointer.com\/index.php\/2024\/07\/30\/proveedores-de-producto-para-importacion\/\">Proveedores de Producto para Importaci\u00f3n \u00bfComo encontrarlo?<\/a><\/li>\n<li><a class=\"wp-block-latest-posts__post-title\" href=\"https:\/\/cointer.com\/index.php\/2024\/06\/21\/normativa-de-importacion-en-espana\/\">Normativa de Importaci\u00f3n en Espa\u00f1a<\/a><\/li>\n<\/ul>\n\n\n<p><\/p>\n","protected":false},"excerpt":{"rendered":"<p>Contacta con nosotros \u201cEn Cointer, facilitamos la importaci\u00f3n de productos desde el extranjero con eficiencia y seguridad. Nuestro equipo se [&hellip;]<\/p>\n","protected":false},"author":1,"featured_media":0,"parent":0,"menu_order":0,"comment_status":"closed","ping_status":"closed","template":"","meta":{"site-sidebar-layout":"no-sidebar","site-content-layout":"plain-container","ast-site-content-layout":"","site-content-style":"default","site-sidebar-style":"default","ast-global-header-display":"","ast-banner-title-visibility":"","ast-main-header-display":"","ast-hfb-above-header-display":"","ast-hfb-below-header-display":"","ast-hfb-mobile-header-display":"","site-post-title":"disabled","ast-breadcrumbs-content":"","ast-featured-img":"","footer-sml-layout":"","theme-transparent-header-meta":"enabled","adv-header-id-meta":"","stick-header-meta":"","header-above-stick-meta":"","header-main-stick-meta":"","header-below-stick-meta":"","astra-migrate-meta-layouts":"default","ast-page-background-enabled":"default","ast-page-background-meta":{"desktop":{"background-color":"var(--ast-global-color-4)","background-image":"","background-repeat":"repeat","background-position":"center center","background-size":"auto","background-attachment":"scroll","background-type":"","background-media":"","overlay-type":"","overlay-color":"","overlay-opacity":"","overlay-gradient":""},"tablet":{"background-color":"","background-image":"","background-repeat":"repeat","background-position":"center center","background-size":"auto","background-attachment":"scroll","background-type":"","background-media":"","overlay-type":"","overlay-color":"","overlay-opacity":"","overlay-gradient":""},"mobile":{"background-color":"","background-image":"","background-repeat":"repeat","background-position":"center center","background-size":"auto","background-attachment":"scroll","background-type":"","background-media":"","overlay-type":"","overlay-color":"","overlay-opacity":"","overlay-gradient":""}},"ast-content-background-meta":{"desktop":{"background-color":"var(--ast-global-color-5)","background-image":"","background-repeat":"repeat","background-position":"center center","background-size":"auto","background-attachment":"scroll","background-type":"","background-media":"","overlay-type":"","overlay-color":"","overlay-opacity":"","overlay-gradient":""},"tablet":{"background-color":"var(--ast-global-color-5)","background-image":"","background-repeat":"repeat","background-position":"center center","background-size":"auto","background-attachment":"scroll","background-type":"","background-media":"","overlay-type":"","overlay-color":"","overlay-opacity":"","overlay-gradient":""},"mobile":{"background-color":"var(--ast-global-color-5)","background-image":"","background-repeat":"repeat","background-position":"center center","background-size":"auto","background-attachment":"scroll","background-type":"","background-media":"","overlay-type":"","overlay-color":"","overlay-opacity":"","overlay-gradient":""}},"footnotes":""},"class_list":["post-51","page","type-page","status-publish","hentry"],"_links":{"self":[{"href":"https:\/\/cointer.com\/index.php\/wp-json\/wp\/v2\/pages\/51","targetHints":{"allow":["GET"]}}],"collection":[{"href":"https:\/\/cointer.com\/index.php\/wp-json\/wp\/v2\/pages"}],"about":[{"href":"https:\/\/cointer.com\/index.php\/wp-json\/wp\/v2\/types\/page"}],"author":[{"embeddable":true,"href":"https:\/\/cointer.com\/index.php\/wp-json\/wp\/v2\/users\/1"}],"replies":[{"embeddable":true,"href":"https:\/\/cointer.com\/index.php\/wp-json\/wp\/v2\/comments?post=51"}],"version-history":[{"count":45,"href":"https:\/\/cointer.com\/index.php\/wp-json\/wp\/v2\/pages\/51\/revisions"}],"predecessor-version":[{"id":736,"href":"https:\/\/cointer.com\/index.php\/wp-json\/wp\/v2\/pages\/51\/revisions\/736"}],"wp:attachment":[{"href":"https:\/\/cointer.com\/index.php\/wp-json\/wp\/v2\/media?parent=51"}],"curies":[{"name":"wp","href":"https:\/\/api.w.org\/{rel}","templated":true}]}}